{"id":50,"date":"2016-02-27T20:20:22","date_gmt":"2016-02-27T18:20:22","guid":{"rendered":"http:\/\/www.af-cotton.com\/grup-sirketlerimiz\/?lang=en"},"modified":"2025-06-16T16:22:08","modified_gmt":"2025-06-16T13:22:08","slug":"group-companies","status":"publish","type":"page","link":"https:\/\/www.af-cotton.com\/en\/group-companies\/","title":{"rendered":"Group Companies"},"content":{"rendered":"<p><a href=\"http:\/\/www.af-cotton.com\/wp-content\/uploads\/2016\/02\/grup-sirket.jpg\" rel=\"attachment wp-att-24\"><img loading=\"lazy\" decoding=\"async\" class=\"alignnone wp-image-24 size-full\" src=\"http:\/\/www.af-cotton.com\/wp-content\/uploads\/2016\/02\/grup-sirket.jpg\" alt=\"grup-sirket\" width=\"1080\" height=\"420\" srcset=\"https:\/\/www.af-cotton.com\/wp-content\/uploads\/2016\/02\/grup-sirket.jpg 1080w, https:\/\/www.af-cotton.com\/wp-content\/uploads\/2016\/02\/grup-sirket-300x117.jpg 300w, https:\/\/www.af-cotton.com\/wp-content\/uploads\/2016\/02\/grup-sirket-768x299.jpg 768w, https:\/\/www.af-cotton.com\/wp-content\/uploads\/2016\/02\/grup-sirket-1024x398.jpg 1024w\" sizes=\"(max-width: 1080px) 100vw, 1080px\" \/><\/a><\/p>\n<p><strong>MER\u0130H MODA TEKST\u0130L SANAY\u0130 ve T\u0130CARET A.S.<\/strong><\/p>\n<p><strong>Faaliyet Alan\u0131 : <\/strong>\u0130\u00e7 ve D\u0131\u015f Piyasa Pamuk Elyaf Ticaret<\/p>\n<p><strong><span id=\"ileti\">Adres<\/span>: <\/strong>Yenibosna merkez mah. \u00c7\u0131nar cad. G\u00fcne\u015fli Matbaac\u0131lar Sit. No:4\/8 34197 Bah\u00e7elievler<br \/>\nISTANBUL \u2013 TURKIYE<br \/>\n<strong>Tel: <\/strong>+90 212 503 79 70<br \/>\n<strong>Fax:<\/strong>\u00a0+90 212 503 80 12<br \/>\n<strong>E-Mail:<\/strong>\u00a0info@merihmoda.com<br \/>\n<a href=\"http:\/\/www.merihmoda.com\/\">www.merihmoda.com<\/a><\/p>\n<p><strong>AF COTTON LLC\u00a0<\/strong><\/p>\n<p><strong>Faaliyet Alan\u0131 : <\/strong>Amerika\u2019dan pamuk elyaf ihracat\u0131<\/p>\n<p><strong>Adres:<\/strong> 820 Buddy Holly Avenue, Suite 9, Lubbock, TX 79401, USA<br \/>\n<strong>Tel : <\/strong>786-6700018<br \/>\n<strong>E-mail: <\/strong>merihfaki@af-cotton.com \/ info@af-cotton.com<br \/>\n<a href=\"http:\/\/www.af-cotton.com\/\" target=\"_blank\" rel=\"noopener noreferrer\">www.af-cotton.com<\/a><\/p>\n<p><strong>SATURN YAPI A\u015e<\/strong><\/p>\n<p><strong>Faaliyet Alan\u0131 :<\/strong> \u0130n\u015faat sekt\u00f6r\u00fc.<\/p>\n<p><strong><span id=\"ileti2\">Adres<\/span>: <\/strong>Yenibosna merkez mah. \u00c7\u0131nar cad. G\u00fcne\u015fli Matbaac\u0131lar Sit. No:4\/8 34197 Bah\u00e7elievler<br \/>\nISTANBUL \u2013 TURKIYE<br \/>\n<strong>Tel: <\/strong>+90 212 503 79 70<br \/>\n<strong>Fax:<\/strong>\u00a0+90 212 503 80 12<\/p>\n","protected":false},"excerpt":{"rendered":"<p>MER\u0130H MODA TEKST\u0130L SANAY\u0130 ve T\u0130CARET A.S. Faaliyet Alan\u0131 : \u0130\u00e7 ve D\u0131\u015f Piyasa Pamuk Elyaf Ticaret Adres: Yenibosna merkez mah. \u00c7\u0131nar cad. G\u00fcne\u015fli Matbaac\u0131lar Sit. No:4\/8 34197 Bah\u00e7elievler ISTANBUL \u2013 TURKIYE Tel: +90 212 503 79 70 Fax:\u00a0+90 212 503 80 12 E-Mail:\u00a0info@merihmoda.com www.merihmoda.com AF COTTON LLC\u00a0 Faaliyet Alan\u0131 : Amerika\u2019dan pamuk elyaf ihracat\u0131 [&hellip;]<\/p>\n","protected":false},"author":2,"featured_media":0,"parent":0,"menu_order":0,"comment_status":"closed","ping_status":"closed","template":"templates\/template-full.php","meta":{"footnotes":""},"class_list":["post-50","page","type-page","status-publish","hentry","post"],"_links":{"self":[{"href":"https:\/\/www.af-cotton.com\/en\/wp-json\/wp\/v2\/pages\/50"}],"collection":[{"href":"https:\/\/www.af-cotton.com\/en\/wp-json\/wp\/v2\/pages"}],"about":[{"href":"https:\/\/www.af-cotton.com\/en\/wp-json\/wp\/v2\/types\/page"}],"author":[{"embeddable":true,"href":"https:\/\/www.af-cotton.com\/en\/wp-json\/wp\/v2\/users\/2"}],"replies":[{"embeddable":true,"href":"https:\/\/www.af-cotton.com\/en\/wp-json\/wp\/v2\/comments?post=50"}],"version-history":[{"count":2,"href":"https:\/\/www.af-cotton.com\/en\/wp-json\/wp\/v2\/pages\/50\/revisions"}],"predecessor-version":[{"id":189,"href":"https:\/\/www.af-cotton.com\/en\/wp-json\/wp\/v2\/pages\/50\/revisions\/189"}],"wp:attachment":[{"href":"https:\/\/www.af-cotton.com\/en\/wp-json\/wp\/v2\/media?parent=50"}],"curies":[{"name":"wp","href":"https:\/\/api.w.org\/{rel}","templated":true}]}}